{"id":171,"date":"2020-05-15T14:11:41","date_gmt":"2020-05-15T12:11:41","guid":{"rendered":"http:\/\/walkaomacierzynstwo.gographicstudio.com\/?page_id=171"},"modified":"2021-12-30T15:28:34","modified_gmt":"2021-12-30T14:28:34","slug":"o-mnie","status":"publish","type":"page","link":"https:\/\/walkaomacierzynstwo.gographicstudio.pl\/?page_id=171","title":{"rendered":"O mnie"},"content":{"rendered":"\n<p><\/p>\n\n\n\n<p class=\"has-text-align-justify\">       Z zawodu jestem prawniczk\u0105, z tytu\u0142em radczyni prawnej, co pomaga mi w prowadzeniu r\u00f3\u017cnych projekt\u00f3w \u2013 w\u0142asnej firmy producenckiej, doradzaniu firmom, byciu mened\u017cerem. Pochodz\u0119 z Kijowa i m\u00f3wi\u0105 o mnie \u201edy\u017curna Ukrainka w Polsce\u201d \ud83d\ude42 Troch\u0119 tak jest, bo od 25 lat niezmiennie promuj\u0119 Ukrain\u0119 w Polsce, a Polsk\u0119 w Ukrainie. Mam ciekawe do\u015bwiadczenia w kierowaniu przedsi\u0119biorstwami tak w Polsce, jak i za granic\u0105, w tym kierunku sko\u0144czy\u0142am studia Executive MBA w BBC.<\/p>\n\n\n\n<p class=\"has-text-align-justify\">      Odk\u0105d si\u0119gn\u0119 pami\u0119ci\u0105 dzia\u0142am charytatywnie, w sta\u0142ych projektach i dora\u017anych akcjach.&nbsp; Pomaganie i dzielenie si\u0119 jest po prostu obowi\u0105zkiem ka\u017cdego z nas. Prowadz\u0119 warszawskie Towarzystwo Przyjaci\u00f3\u0142 Ukrainy i ukrai\u0144sk\u0105 Ambasad\u0119 Przedsi\u0119biorczo\u015bci Kobiet, kt\u00f3r\u0105 za\u0142o\u017cy\u0142am by \u0142\u0105czy\u0107 kobiety i stworzy\u0107 sie\u0107 wzajemnego wsparcia.<\/p>\n\n\n\n<p class=\"has-text-align-justify\">      Od dziecka rozwija\u0142am swoje pasje \u2013 szko\u0142a muzyczna, taniec, aktorstwo, organizacja przedsi\u0119wzi\u0119\u0107, dlatego nie ma si\u0119 co dziwi\u0107, \u017ce zar\u00f3wno zawodowo, jak i prywatnie zwi\u0105za\u0142am si\u0119 z show-biznesem. Radczyni prawna w tym \u015bwiecie? Dlaczego nie?! Prawniczy rozs\u0105dek przydaje si\u0119 w \u015bwiecie artyst\u00f3w, i to jak! &nbsp;Produkcja film\u00f3w, bycie mened\u017cerk\u0105 gwiazd, za\u0142o\u017cenie i kierowanie du\u017cym Stowarzyszeniem Aktor\u00f3w Telewizyjnych i Filmowych \u2013 to by\u0142 prawdziwy poligon do\u015bwiadczalny. Z kolei moja praca w telewizji i gra w serialach zawsze by\u0142a dla mnie ogrzewaj\u0105cym dusz\u0119 dodatkiem oraz spe\u0142nieniem dla mojej artystycznej duszy. Te wszystkie sprawno\u015bci przynios\u0142y mo\u017cliwo\u015bci przeradza\u0107 pasj\u0119 w prac\u0119: jurorowanie w You Can Dance, udzia\u0142 w Ta\u0144cu z Gwiazdami, czy tworzenie reporta\u017cy dla DDTVN \u2013 by\u0142y niesamowitym do\u015bwiadczeniami, kt\u00f3rych nie ucz\u0105 na uniwersytetach.<\/p>\n\n\n\n<p class=\"has-text-align-justify\">     Tak jak ka\u017cdy z nas &#8211; mam na swoim koncie sukcesy i pora\u017cki. Z ka\u017cdego z nich wyci\u0105gam lekcj\u0119 i wiem, \u017ce najwa\u017cniejsze jest opanowanie strachu przed nieznanym, szukanie rozwi\u0105za\u0144 i niepoddawanie si\u0119.<\/p>\n\n\n\n<p class=\"has-text-align-justify\">     Dzi\u015b jestem mam\u0105 malutkiej Ani &lt;3 oraz autork\u0105 ksi\u0105\u017cki \u201eWalka o Macierzy\u0144stwo\u201d, kt\u00f3ra powsta\u0142a, by wesprze\u0107 wszystkich marz\u0105cych o rodzicielstwie. Moje pragnienie bycia matk\u0105 pr\u00f3bowa\u0142am zrealizowa\u0107 przez ca\u0142e swoje doros\u0142e \u017cycie. Sam tytu\u0142 ksi\u0105\u017cki m\u00f3wi o tym, \u017ce moja droga do macierzy\u0144stwa by\u0142a walk\u0105: przesz\u0142am wszelkie mo\u017cliwe terapie, wsp\u00f3\u0142pracowa\u0142am z lekarzami i fachowcami z r\u00f3\u017cnych kraj\u00f3w. Pozna\u0142am rado\u015b\u0107 z ci\u0105\u017c i b\u00f3l strat. Dzi\u015b ju\u017c wiem czego brakuje i co mo\u017cna da\u0107 kobietom i m\u0119\u017cczyznom zmagaj\u0105cym si\u0119 z podobnymi do\u015bwiadczeniami. Przez lata pr\u00f3b zebra\u0142am i usystematyzowa\u0142am w ksi\u0105\u017cce najwa\u017cniejsze aspekty, kt\u00f3re warto przepracowa\u0107, by \u015bwiadomie i pozytywnie podej\u015b\u0107 do tak wa\u017cnego, \u017cyciowego \u201eprojektu\u201d, jakim jest DZIECKO.<\/p>\n\n\n\n<p class=\"has-text-align-justify\">     Tak jak ja, \u201eZosia Samosia\u201d musia\u0142am nauczy\u0107 si\u0119, \u017ce bez wsparcia innych ludzi nie osi\u0105gn\u0119 upragnionego celu, chc\u0119 by\u0107 wsparciem dla moich czytelnik\u00f3w. Chc\u0119, \u017ceby wiedzieli, \u017ce maj\u0105 mnie, osob\u0119 kt\u00f3ra przesz\u0142a t\u0119 wyboist\u0105 drog\u0119 ku rodzicielstwu. Mnie to bardzo pomog\u0142o nie raz, trzyma\u0142o, nomen omen, przy nadziei. &nbsp;To, \u017ce do\u0142\u0105czyli do mnie eksperci r\u00f3\u017cnych dziedzin, kt\u00f3rzy podzielili si\u0119 dekadami swojej pracy, przemy\u015ble\u0144, sukces\u00f3w i pora\u017cek, jest jeszcze wspanialsze. Gdybym te ich lata zdobywania prawdziwej m\u0105dro\u015bci doda\u0142a do siebie, to wysz\u0142oby pewnie oko\u0142o 200 lat studiowania problem\u00f3w z zaj\u015bciem lub donoszeniem ci\u0105\u017cy. Macie tyle czasu? Nikt z nas nie ma. Dlatego, bardzo si\u0119 ciesz\u0119 \u017ce ju\u017c nie tylko w prywatnych rozmowach czy otrzymywanych od was wiadomo\u015bciach, lecz w tej zbiorowej super \u015bwiadomo\u015bci przeprowadza\u0107 b\u0119dziemy kolejne osoby przez te mroki ciemno\u015bci, w kt\u00f3re wpada praktycznie ka\u017cda osoba, para, kiedy przegrywa z niewiadomym.<\/p>\n\n\n\n<p class=\"has-text-align-left\"><strong><em>Poza sam\u0105 ksi\u0105\u017ck\u0105, kt\u00f3r\u0105 nazywam opowie\u015bci\u0105 poradnikow\u0105, przygotowuje inne formy aktywno\u015bci w tej materii:<\/em><\/strong><\/p>\n\n\n\n<p class=\"has-text-align-justify\">&#8211; <em>Napisane i nagrane przeze mnie Wizualizacje Medytacyjne b\u0119d\u0105 umieszczane na moim kanale You Tube; Indywidualne \u201eWizuMedytacje\u201d mo\u017cna zam\u00f3wi\u0107 w zak\u0142adce \u201eMoje produkty i polecenia\u201d;<\/em><\/p>\n\n\n\n<p><em>&#8211; Indywidualne rozmowy motywacyjne oraz poradnikowe ze mn\u0105 b\u0119d\u0105 dost\u0119pne w zak\u0142adce \u201eMoje produkty i polecenia\u201d;<\/em><\/p>\n\n\n\n<p>&#8211; <em>Konsultacje specjalist\u00f3w polecanych przeze mnie b\u0119d\u0105 organizowane on-line lub off-line po rozmowie wst\u0119pnej;<\/em><\/p>\n\n\n\n<p>&#8211; <em>Warsztaty, kt\u00f3re b\u0119d\u0105 odpowiedzi\u0105 na zapotrzebowanie p\u0142yn\u0105ce do nas \u2013 obecnie nad nimi pracujemy.<\/em><\/p>\n\n\n\n<p>Do\u0142\u0105cz ju\u017c teraz do prywatnej GRUPY <strong>\u201eDroga do rodzicielstwa\u201d<\/strong> na FB, b\u0119dziemy w kontakcie!<\/p>\n\n\n\n<p><strong><span class=\"has-inline-color has-vivid-purple-color\">MOJE AKTUALNE PROJEKTY<\/span><\/strong><\/p>\n\n\n\n<p>&#8211; TPU <a href=\"http:\/\/www.tpu.org.pl\" target=\"_blank\" rel=\"noreferrer noopener\">http:\/\/www.tpu.org.pl<\/a><\/p>\n\n\n\n<p>&#8211; AMBASADA <a href=\"http:\/\/www.ambasada.org.ua\" target=\"_blank\" rel=\"noreferrer noopener\">http:\/\/www.ambasada.org.ua<\/a><\/p>\n\n\n\n<p>&#8211; PUIG <a href=\"http:\/\/www.pol-ukr.com\" target=\"_blank\" rel=\"noreferrer noopener\">http:\/\/www.pol-ukr.com<\/a><\/p>\n\n\n\n<p>&#8211; STING  <a rel=\"noreferrer noopener\" href=\"http:\/\/www.sting.pl\" target=\"_blank\">http:\/\/www.sting.pl<\/a><\/p>\n\n\n\n<p><\/p>\n","protected":false},"excerpt":{"rendered":"<p>Z zawodu jestem prawniczk\u0105, z tytu\u0142em radczyni prawnej, co pomaga mi w prowadzeniu r\u00f3\u017cnych projekt\u00f3w \u2013 w\u0142asnej firmy producenckiej, doradzaniu firmom, byciu mened\u017cerem. Pochodz\u0119 z Kijowa i m\u00f3wi\u0105 o mnie \u201edy\u017curna Ukrainka w Polsce\u201d \ud83d\ude42 Troch\u0119 tak jest, bo od 25 lat niezmiennie promuj\u0119 Ukrain\u0119 w Polsce, a Polsk\u0119 w Ukrainie. Mam ciekawe do\u015bwiadczenia w [&hellip;]<\/p>\n","protected":false},"author":1,"featured_media":283,"parent":0,"menu_order":0,"comment_status":"closed","ping_status":"closed","template":"","meta":{"_editorskit_title_hidden":false,"_editorskit_reading_time":0,"_editorskit_is_block_options_detached":false,"_editorskit_block_options_position":"{}","footnotes":"","_links_to":"","_links_to_target":""},"_links":{"self":[{"href":"https:\/\/walkaomacierzynstwo.gographicstudio.pl\/index.php?rest_route=\/wp\/v2\/pages\/171"}],"collection":[{"href":"https:\/\/walkaomacierzynstwo.gographicstudio.pl\/index.php?rest_route=\/wp\/v2\/pages"}],"about":[{"href":"https:\/\/walkaomacierzynstwo.gographicstudio.pl\/index.php?rest_route=\/wp\/v2\/types\/page"}],"author":[{"embeddable":true,"href":"https:\/\/walkaomacierzynstwo.gographicstudio.pl\/index.php?rest_route=\/wp\/v2\/users\/1"}],"replies":[{"embeddable":true,"href":"https:\/\/walkaomacierzynstwo.gographicstudio.pl\/index.php?rest_route=%2Fwp%2Fv2%2Fcomments&post=171"}],"version-history":[{"count":14,"href":"https:\/\/walkaomacierzynstwo.gographicstudio.pl\/index.php?rest_route=\/wp\/v2\/pages\/171\/revisions"}],"predecessor-version":[{"id":488,"href":"https:\/\/walkaomacierzynstwo.gographicstudio.pl\/index.php?rest_route=\/wp\/v2\/pages\/171\/revisions\/488"}],"wp:featuredmedia":[{"embeddable":true,"href":"https:\/\/walkaomacierzynstwo.gographicstudio.pl\/index.php?rest_route=\/wp\/v2\/media\/283"}],"wp:attachment":[{"href":"https:\/\/walkaomacierzynstwo.gographicstudio.pl\/index.php?rest_route=%2Fwp%2Fv2%2Fmedia&parent=171"}],"curies":[{"name":"wp","href":"https:\/\/api.w.org\/{rel}","templated":true}]}}